{"id":12776,"date":"2025-12-29T10:28:15","date_gmt":"2025-12-29T10:28:15","guid":{"rendered":"https:\/\/pittypalattykonyha.hu\/?post_type=product&#038;p=12776"},"modified":"2025-12-29T12:23:23","modified_gmt":"2025-12-29T12:23:23","slug":"unnepi-pitty-palatty-tal-4-szemelyes","status":"publish","type":"product","link":"https:\/\/pittypalattykonyha.hu\/?product=unnepi-pitty-palatty-tal-4-szemelyes","title":{"rendered":"\u00dcnnepi Pitty-Palatty t\u00e1l 4 szem\u00e9lyes"},"content":{"rendered":"<p><strong><span style=\"color: #808000;\">\u00dcnnepi Pitty-Palatty t\u00e1l 4 szem\u00e9lyes\u00a0<\/span><\/strong><\/p>\n<p><span style=\"color: #808000;\">(Kb 2 kg h\u00fasg\u00e8les\u00e8g)<\/span><\/p>\n<p><span style=\"color: #808000;\">A t\u00e1lat a Pitty-Palatty Konyha arculat\u00e1t t\u00fckr\u00f6z\u0151 finom f\u0151tt, s\u00fclt \u00e9s r\u00e1ntott h\u00fasf\u00e8les\u00e8gek teszik \u00fcnnepiv\u00e9.<\/span><\/p>\n<ul>\n<li><span style=\"color: #808000;\">Oml\u00f3sra f\u0151tt cs\u00fcl\u00f6k k\u00edv\u00fcl ropog\u00f3sra s\u00fctve<\/span><\/li>\n<li><span style=\"color: #808000;\">Bacon szalonn\u00e1ba tekert t\u00f6lt\u00f6tt karaj<\/span><\/li>\n<li><span style=\"color: #808000;\">T\u00f6lt\u00f6tt r\u00e1ntott karaj, mely egyszerre oml\u00f3s, szaftos \u00e9s ropog\u00f3s<\/span><\/li>\n<li><span style=\"color: #808000;\">Aranybarn\u00e1ra s\u00fclt sajtgoly\u00f3k<\/span><\/li>\n<li><span style=\"color: #808000;\">K\u00edv\u00fcl ropog\u00f3s bel\u00fcl puha klasszikus burgonyakrokett<\/span><\/li>\n<\/ul>\n<p><span style=\"color: #808000;\">Term\u00e9szetesen plusz k\u00f6ret is rendelhet\u0151 a t\u00e1lhoz, tekintse meg tov\u00e1bbi k\u00edn\u00e1latunkat.<\/span><\/p>\n<p><span style=\"color: #808000;\">Allerg\u00e9nek: 1), 2), 3), 8), 9), 10)<\/span><\/p>\n<p>&nbsp;<\/p>\n","protected":false},"excerpt":{"rendered":"<p>\u00dcnnepi Pitty-Palatty t\u00e1l 4 szem\u00e9lyes\u00a0 (Kb 2 kg h\u00fasg\u00e8les\u00e8g) A t\u00e1lat a Pitty-Palatty Konyha arculat\u00e1t t\u00fckr\u00f6z\u0151 finom f\u0151tt, s\u00fclt \u00e9s r\u00e1ntott h\u00fasf\u00e8les\u00e8gek teszik \u00fcnnepiv\u00e9. Oml\u00f3sra f\u0151tt cs\u00fcl\u00f6k k\u00edv\u00fcl ropog\u00f3sra s\u00fctve Bacon szalonn\u00e1ba tekert t\u00f6lt\u00f6tt karaj T\u00f6lt\u00f6tt r\u00e1ntott karaj, mely egyszerre oml\u00f3s, szaftos \u00e9s ropog\u00f3s Aranybarn\u00e1ra s\u00fclt sajtgoly\u00f3k K\u00edv\u00fcl ropog\u00f3s bel\u00fcl puha klasszikus burgonyakrokett Term\u00e9szetesen plusz k\u00f6ret is rendelhet\u0151 a t\u00e1lhoz, tekintse meg tov\u00e1bbi k\u00edn\u00e1latunkat. Allerg\u00e9nek: 1), 2), 3), 8), 9), 10) &nbsp;<\/p>\n","protected":false},"featured_media":12778,"template":"","meta":[],"product_brand":[],"product_cat":[56],"product_tag":[],"class_list":{"0":"post-12776","1":"product","2":"type-product","3":"status-publish","4":"has-post-thumbnail","6":"product_cat-sultes-talak-rendelesre-kecskemeten-a-pitty-palatty-konyhatol","8":"first","9":"instock","10":"shipping-taxable","11":"purchasable","12":"product-type-simple"},"jetpack_sharing_enabled":true,"_links":{"self":[{"href":"https:\/\/pittypalattykonyha.hu\/index.php?rest_route=\/wp\/v2\/product\/12776","targetHints":{"allow":["GET"]}}],"collection":[{"href":"https:\/\/pittypalattykonyha.hu\/index.php?rest_route=\/wp\/v2\/product"}],"about":[{"href":"https:\/\/pittypalattykonyha.hu\/index.php?rest_route=\/wp\/v2\/types\/product"}],"wp:featuredmedia":[{"embeddable":true,"href":"https:\/\/pittypalattykonyha.hu\/index.php?rest_route=\/wp\/v2\/media\/12778"}],"wp:attachment":[{"href":"https:\/\/pittypalattykonyha.hu\/index.php?rest_route=%2Fwp%2Fv2%2Fmedia&parent=12776"}],"wp:term":[{"taxonomy":"product_brand","embeddable":true,"href":"https:\/\/pittypalattykonyha.hu\/index.php?rest_route=%2Fwp%2Fv2%2Fproduct_brand&post=12776"},{"taxonomy":"product_cat","embeddable":true,"href":"https:\/\/pittypalattykonyha.hu\/index.php?rest_route=%2Fwp%2Fv2%2Fproduct_cat&post=12776"},{"taxonomy":"product_tag","embeddable":true,"href":"https:\/\/pittypalattykonyha.hu\/index.php?rest_route=%2Fwp%2Fv2%2Fproduct_tag&post=12776"}],"curies":[{"name":"wp","href":"https:\/\/api.w.org\/{rel}","templated":true}]}}