{"id":12774,"date":"2025-12-23T13:43:56","date_gmt":"2025-12-23T13:43:56","guid":{"rendered":"https:\/\/pittypalattykonyha.hu\/?post_type=product&#038;p=12774"},"modified":"2026-01-05T04:38:00","modified_gmt":"2026-01-05T04:38:00","slug":"csulkos-pizza-fokhagymas-tejfolos-alappal-28-cm0","status":"publish","type":"product","link":"https:\/\/pittypalattykonyha.hu\/?product=csulkos-pizza-fokhagymas-tejfolos-alappal-28-cm0","title":{"rendered":"Pitty-Palatty cs\u00fclk\u00f6s pizza (28 cm)"},"content":{"rendered":"<p><span style=\"color: #808000;\"><strong>Pitty-Palatty cs\u00fclk\u00f6s pizza (28 cm)\u00a0<\/strong><\/span><\/p>\n<ul>\n<li><span style=\"color: #808000;\"><strong>Saj\u00e1t k\u00e9sz\u00edt\u00e9s\u0171<\/strong> kemenc\u00e9ben s\u00fclt pizzat\u00e9szta<\/span><\/li>\n<li><span style=\"color: #808000;\">Fokhagym\u00e1s tejf\u00f6l\u00f6s alap\u00a0<\/span><\/li>\n<li><span style=\"color: #808000;\">Felt\u00e9t: <strong>cs\u00fcl\u00f6k, lilahagyma, cs\u00edp\u0151spaprika<\/strong><\/span><\/li>\n<\/ul>\n<p><span style=\"color: #808000;\">Allerg\u00e9nek: 1), 2)<\/span><\/p>\n","protected":false},"excerpt":{"rendered":"<p>Pitty-Palatty cs\u00fclk\u00f6s pizza (28 cm)\u00a0 Saj\u00e1t k\u00e9sz\u00edt\u00e9s\u0171 kemenc\u00e9ben s\u00fclt pizzat\u00e9szta Fokhagym\u00e1s tejf\u00f6l\u00f6s alap\u00a0 Felt\u00e9t: cs\u00fcl\u00f6k, lilahagyma, cs\u00edp\u0151spaprika Allerg\u00e9nek: 1), 2)<\/p>\n","protected":false},"featured_media":12791,"template":"","meta":[],"product_brand":[],"product_cat":[63],"product_tag":[],"class_list":{"0":"post-12774","1":"product","2":"type-product","3":"status-publish","4":"has-post-thumbnail","6":"product_cat-pizzak","8":"first","9":"instock","10":"shipping-taxable","11":"purchasable","12":"product-type-simple"},"jetpack_sharing_enabled":true,"_links":{"self":[{"href":"https:\/\/pittypalattykonyha.hu\/index.php?rest_route=\/wp\/v2\/product\/12774","targetHints":{"allow":["GET"]}}],"collection":[{"href":"https:\/\/pittypalattykonyha.hu\/index.php?rest_route=\/wp\/v2\/product"}],"about":[{"href":"https:\/\/pittypalattykonyha.hu\/index.php?rest_route=\/wp\/v2\/types\/product"}],"wp:featuredmedia":[{"embeddable":true,"href":"https:\/\/pittypalattykonyha.hu\/index.php?rest_route=\/wp\/v2\/media\/12791"}],"wp:attachment":[{"href":"https:\/\/pittypalattykonyha.hu\/index.php?rest_route=%2Fwp%2Fv2%2Fmedia&parent=12774"}],"wp:term":[{"taxonomy":"product_brand","embeddable":true,"href":"https:\/\/pittypalattykonyha.hu\/index.php?rest_route=%2Fwp%2Fv2%2Fproduct_brand&post=12774"},{"taxonomy":"product_cat","embeddable":true,"href":"https:\/\/pittypalattykonyha.hu\/index.php?rest_route=%2Fwp%2Fv2%2Fproduct_cat&post=12774"},{"taxonomy":"product_tag","embeddable":true,"href":"https:\/\/pittypalattykonyha.hu\/index.php?rest_route=%2Fwp%2Fv2%2Fproduct_tag&post=12774"}],"curies":[{"name":"wp","href":"https:\/\/api.w.org\/{rel}","templated":true}]}}