{"id":12767,"date":"2025-12-22T05:29:30","date_gmt":"2025-12-22T05:29:30","guid":{"rendered":"https:\/\/pittypalattykonyha.hu\/?post_type=product&#038;p=12767"},"modified":"2025-12-30T15:21:10","modified_gmt":"2025-12-30T15:21:10","slug":"sonkas-tejfolos-tojasos-pizza-28-cm","status":"publish","type":"product","link":"https:\/\/pittypalattykonyha.hu\/?product=sonkas-tejfolos-tojasos-pizza-28-cm","title":{"rendered":"Sonk\u00e1s hagym\u00e1s sajtos pizza t\u00fck\u00f6rtoj\u00e1ssal tejf\u00f6l\u00f6s alappal (28 cm)"},"content":{"rendered":"<p><span style=\"color: #808000;\"><strong>Sonk\u00e1s hagym\u00e1s sajtos pizza t\u00fck\u00f6rtoj\u00e1ssal tejf\u00f6l\u00f6s alappal (28 cm)<\/strong><\/span><\/p>\n<ul>\n<li><span style=\"color: #808000;\"><strong>Saj\u00e1t k\u00e9sz\u00edt\u00e9s\u0171 <\/strong>kemenc\u00e9ben\u00a0s\u00fclt pizzat\u00e9szta<\/span><\/li>\n<li><span style=\"color: #808000;\">Tejf\u00f6l\u00f6s alap<\/span><\/li>\n<li><span style=\"color: #808000;\">Felt\u00e9t:\u00a0<strong>sonka, sajt, v\u00f6r\u00f6shagyma, toj\u00e1s<\/strong><\/span><\/li>\n<\/ul>\n<p><span style=\"color: #808000;\">Allerg\u00e8nek: 1), 2), 3)<\/span><\/p>\n","protected":false},"excerpt":{"rendered":"<p>Sonk\u00e1s hagym\u00e1s sajtos pizza t\u00fck\u00f6rtoj\u00e1ssal tejf\u00f6l\u00f6s alappal (28 cm) Saj\u00e1t k\u00e9sz\u00edt\u00e9s\u0171 kemenc\u00e9ben\u00a0s\u00fclt pizzat\u00e9szta Tejf\u00f6l\u00f6s alap Felt\u00e9t:\u00a0sonka, sajt, v\u00f6r\u00f6shagyma, toj\u00e1s Allerg\u00e8nek: 1), 2), 3)<\/p>\n","protected":false},"featured_media":12768,"template":"","meta":[],"product_brand":[],"product_cat":[63],"product_tag":[],"class_list":{"0":"post-12767","1":"product","2":"type-product","3":"status-publish","4":"has-post-thumbnail","6":"product_cat-pizzak","8":"first","9":"instock","10":"shipping-taxable","11":"purchasable","12":"product-type-simple"},"jetpack_sharing_enabled":true,"_links":{"self":[{"href":"https:\/\/pittypalattykonyha.hu\/index.php?rest_route=\/wp\/v2\/product\/12767","targetHints":{"allow":["GET"]}}],"collection":[{"href":"https:\/\/pittypalattykonyha.hu\/index.php?rest_route=\/wp\/v2\/product"}],"about":[{"href":"https:\/\/pittypalattykonyha.hu\/index.php?rest_route=\/wp\/v2\/types\/product"}],"wp:featuredmedia":[{"embeddable":true,"href":"https:\/\/pittypalattykonyha.hu\/index.php?rest_route=\/wp\/v2\/media\/12768"}],"wp:attachment":[{"href":"https:\/\/pittypalattykonyha.hu\/index.php?rest_route=%2Fwp%2Fv2%2Fmedia&parent=12767"}],"wp:term":[{"taxonomy":"product_brand","embeddable":true,"href":"https:\/\/pittypalattykonyha.hu\/index.php?rest_route=%2Fwp%2Fv2%2Fproduct_brand&post=12767"},{"taxonomy":"product_cat","embeddable":true,"href":"https:\/\/pittypalattykonyha.hu\/index.php?rest_route=%2Fwp%2Fv2%2Fproduct_cat&post=12767"},{"taxonomy":"product_tag","embeddable":true,"href":"https:\/\/pittypalattykonyha.hu\/index.php?rest_route=%2Fwp%2Fv2%2Fproduct_tag&post=12767"}],"curies":[{"name":"wp","href":"https:\/\/api.w.org\/{rel}","templated":true}]}}