{"id":12757,"date":"2025-12-21T06:45:46","date_gmt":"2025-12-21T06:45:46","guid":{"rendered":"https:\/\/pittypalattykonyha.hu\/?post_type=product&#038;p=12757"},"modified":"2025-12-30T15:30:33","modified_gmt":"2025-12-30T15:30:33","slug":"sonkas-pizza-teljes-kiorlesu-lisztbol-28-cm","status":"publish","type":"product","link":"https:\/\/pittypalattykonyha.hu\/?product=sonkas-pizza-teljes-kiorlesu-lisztbol-28-cm","title":{"rendered":"Sonk\u00e1s hagym\u00e1s sajtos pizza paradicsomos alappal teljes ki\u0151rl\u00e9s\u0171 t\u00e9szt\u00e1b\u00f3l (28 cm)"},"content":{"rendered":"<p><span style=\"color: #808000;\"><strong>Sonk\u00e1s hagym\u00e1s sajtos pizza paradicsomos alappal teljes ki\u00f6rl\u00e9s\u0171 t\u00e9szt\u00e1b\u00f3l (28 cm)<\/strong><\/span><\/p>\n<ul>\n<li><span style=\"color: #808000;\"><strong>Saj\u00e1t k\u00e9sz\u00edt\u00e9s\u0171<\/strong> kemenc\u00e9ben s\u00fclt pizzat\u00e9szta teljes ki\u00f6rl\u00e9s\u0171 t\u00e9szt\u00e1b\u00f3l\u00a0<\/span><\/li>\n<li><span style=\"color: #808000;\">Paradicsomos alap<\/span><\/li>\n<li><span style=\"color: #808000;\">Felt\u00e9t: <strong>sonka, sajt, v\u00f6r\u00f6shagyma<\/strong><\/span><\/li>\n<\/ul>\n<p><span style=\"color: #808000;\">Allerg\u00e9nek: 1), 2)<\/span><\/p>\n<p>&nbsp;<\/p>\n","protected":false},"excerpt":{"rendered":"<p>Sonk\u00e1s hagym\u00e1s sajtos pizza paradicsomos alappal teljes ki\u00f6rl\u00e9s\u0171 t\u00e9szt\u00e1b\u00f3l (28 cm) Saj\u00e1t k\u00e9sz\u00edt\u00e9s\u0171 kemenc\u00e9ben s\u00fclt pizzat\u00e9szta teljes ki\u00f6rl\u00e9s\u0171 t\u00e9szt\u00e1b\u00f3l\u00a0 Paradicsomos alap Felt\u00e9t: sonka, sajt, v\u00f6r\u00f6shagyma Allerg\u00e9nek: 1), 2) &nbsp;<\/p>\n","protected":false},"featured_media":12759,"template":"","meta":[],"product_brand":[],"product_cat":[63],"product_tag":[],"class_list":{"0":"post-12757","1":"product","2":"type-product","3":"status-publish","4":"has-post-thumbnail","6":"product_cat-pizzak","8":"first","9":"instock","10":"shipping-taxable","11":"purchasable","12":"product-type-simple"},"jetpack_sharing_enabled":true,"_links":{"self":[{"href":"https:\/\/pittypalattykonyha.hu\/index.php?rest_route=\/wp\/v2\/product\/12757","targetHints":{"allow":["GET"]}}],"collection":[{"href":"https:\/\/pittypalattykonyha.hu\/index.php?rest_route=\/wp\/v2\/product"}],"about":[{"href":"https:\/\/pittypalattykonyha.hu\/index.php?rest_route=\/wp\/v2\/types\/product"}],"wp:featuredmedia":[{"embeddable":true,"href":"https:\/\/pittypalattykonyha.hu\/index.php?rest_route=\/wp\/v2\/media\/12759"}],"wp:attachment":[{"href":"https:\/\/pittypalattykonyha.hu\/index.php?rest_route=%2Fwp%2Fv2%2Fmedia&parent=12757"}],"wp:term":[{"taxonomy":"product_brand","embeddable":true,"href":"https:\/\/pittypalattykonyha.hu\/index.php?rest_route=%2Fwp%2Fv2%2Fproduct_brand&post=12757"},{"taxonomy":"product_cat","embeddable":true,"href":"https:\/\/pittypalattykonyha.hu\/index.php?rest_route=%2Fwp%2Fv2%2Fproduct_cat&post=12757"},{"taxonomy":"product_tag","embeddable":true,"href":"https:\/\/pittypalattykonyha.hu\/index.php?rest_route=%2Fwp%2Fv2%2Fproduct_tag&post=12757"}],"curies":[{"name":"wp","href":"https:\/\/api.w.org\/{rel}","templated":true}]}}