{"id":12686,"date":"2025-11-18T15:04:36","date_gmt":"2025-11-18T15:04:36","guid":{"rendered":"https:\/\/pittypalattykonyha.hu\/?post_type=product&#038;p=12686"},"modified":"2025-12-29T12:27:43","modified_gmt":"2025-12-29T12:27:43","slug":"pitty-palatty-tal-8-szemelyes","status":"publish","type":"product","link":"https:\/\/pittypalattykonyha.hu\/?product=pitty-palatty-tal-8-szemelyes","title":{"rendered":"Pitty-Palatty t\u00e1l 8 szem\u00e9lyes"},"content":{"rendered":"<p><span style=\"color: #808000;\"><strong>Pitty-Palatty t\u00e1l 8 szem\u00e9lyes<\/strong><\/span><\/p>\n<p><span style=\"color: #808000;\"><span style=\"color: #808000;\">A s<\/span>\u00fcltek kir\u00e1lya!<\/span><\/p>\n<p><span style=\"color: #808000;\">Igazi b\u0151s\u00e9ges lakoma kb <strong>4 kg h\u00fasf\u00e9les\u00e9g<\/strong>. Minden alkalomra szeretettel aj\u00e1nljuk.<\/span><\/p>\n<ul>\n<li><span style=\"color: #808000;\">Bel\u00fcl oml\u00f3s k\u00edv\u00fcl ropog\u00f3s cs\u00fcl\u00f6k<\/span><\/li>\n<li><span style=\"color: #808000;\">Aranybarn\u00e1ra s\u00fclt oldalas<\/span><\/li>\n<li><span style=\"color: #808000;\">F\u0171szeres<\/span> <span style=\"color: #808000;\">dar\u00e1lt<\/span> <span style=\"color: #808000;\">h\u00fassal<\/span> <span style=\"color: #808000;\">t\u00f6lt\u00f6tt<\/span> <span style=\"color: #808000;\">karaj<\/span> <span style=\"color: #808000;\">(<\/span><span style=\"color: #808000;\">amikor<\/span> <span style=\"color: #808000;\">a <\/span><span style=\"color: #808000;\">h\u00fast<\/span> <span style=\"color: #808000;\">is<\/span> <span style=\"color: #808000;\">h\u00fassal<\/span> <span style=\"color: #808000;\">t\u00f6ltj\u00fck)<\/span><\/li>\n<li><span style=\"color: #808000;\">Burgonyakrokett<\/span><\/li>\n<li><span style=\"color: #808000;\">Kukoricasal\u00e1ta<\/span><\/li>\n<li><span style=\"color: #808000;\">Hagyma<\/span> <span style=\"color: #808000;\">lekv\u00e1r, <\/span><span style=\"color: #808000;\">mely<\/span> <span style=\"color: #808000;\">kiemeli<\/span> <span style=\"color: #808000;\">a<\/span>\u00a0<span style=\"color: #808000;\">t\u00e1l<\/span> <span style=\"color: #808000;\">\u00edzeit <span style=\"color: #808000;\">\u00e9s<\/span><\/span>\u00a0<span style=\"color: #808000;\">fokozza az \u00e9lm\u00e9nyt<\/span><\/li>\n<\/ul>\n<p><span style=\"color: #808000;\">Term\u00e9szetesen plusz k\u00f6ret is rendelhet\u0151 a t\u00e1lhoz, tekintse meg tov\u00e1bbi k\u00edn\u00e1latunkat.<\/span><\/p>\n<p><span style=\"color: #808000;\">Allerg\u00e8nek<\/span>:<span style=\"color: #808000;\"> 8), 9), 10)<\/span><\/p>\n<p>&nbsp;<\/p>\n<p>&nbsp;<\/p>\n","protected":false},"excerpt":{"rendered":"<p>Pitty-Palatty t\u00e1l 8 szem\u00e9lyes A s\u00fcltek kir\u00e1lya! Igazi b\u0151s\u00e9ges lakoma kb 4 kg h\u00fasf\u00e9les\u00e9g. Minden alkalomra szeretettel aj\u00e1nljuk. Bel\u00fcl oml\u00f3s k\u00edv\u00fcl ropog\u00f3s cs\u00fcl\u00f6k Aranybarn\u00e1ra s\u00fclt oldalas F\u0171szeres dar\u00e1lt h\u00fassal t\u00f6lt\u00f6tt karaj (amikor a h\u00fast is h\u00fassal t\u00f6ltj\u00fck) Burgonyakrokett Kukoricasal\u00e1ta Hagyma lekv\u00e1r, mely kiemeli a\u00a0t\u00e1l \u00edzeit \u00e9s\u00a0fokozza az \u00e9lm\u00e9nyt Term\u00e9szetesen plusz k\u00f6ret is rendelhet\u0151 a t\u00e1lhoz, tekintse meg tov\u00e1bbi k\u00edn\u00e1latunkat. Allerg\u00e8nek: 8), 9), 10) &nbsp; &nbsp;<\/p>\n","protected":false},"featured_media":12711,"template":"","meta":[],"product_brand":[],"product_cat":[56],"product_tag":[],"class_list":{"0":"post-12686","1":"product","2":"type-product","3":"status-publish","4":"has-post-thumbnail","6":"product_cat-sultes-talak-rendelesre-kecskemeten-a-pitty-palatty-konyhatol","8":"first","9":"instock","10":"shipping-taxable","11":"purchasable","12":"product-type-simple"},"jetpack_sharing_enabled":true,"_links":{"self":[{"href":"https:\/\/pittypalattykonyha.hu\/index.php?rest_route=\/wp\/v2\/product\/12686","targetHints":{"allow":["GET"]}}],"collection":[{"href":"https:\/\/pittypalattykonyha.hu\/index.php?rest_route=\/wp\/v2\/product"}],"about":[{"href":"https:\/\/pittypalattykonyha.hu\/index.php?rest_route=\/wp\/v2\/types\/product"}],"wp:featuredmedia":[{"embeddable":true,"href":"https:\/\/pittypalattykonyha.hu\/index.php?rest_route=\/wp\/v2\/media\/12711"}],"wp:attachment":[{"href":"https:\/\/pittypalattykonyha.hu\/index.php?rest_route=%2Fwp%2Fv2%2Fmedia&parent=12686"}],"wp:term":[{"taxonomy":"product_brand","embeddable":true,"href":"https:\/\/pittypalattykonyha.hu\/index.php?rest_route=%2Fwp%2Fv2%2Fproduct_brand&post=12686"},{"taxonomy":"product_cat","embeddable":true,"href":"https:\/\/pittypalattykonyha.hu\/index.php?rest_route=%2Fwp%2Fv2%2Fproduct_cat&post=12686"},{"taxonomy":"product_tag","embeddable":true,"href":"https:\/\/pittypalattykonyha.hu\/index.php?rest_route=%2Fwp%2Fv2%2Fproduct_tag&post=12686"}],"curies":[{"name":"wp","href":"https:\/\/api.w.org\/{rel}","templated":true}]}}