{"id":12680,"date":"2025-11-18T13:29:32","date_gmt":"2025-11-18T13:29:32","guid":{"rendered":"https:\/\/pittypalattykonyha.hu\/?post_type=product&#038;p=12680"},"modified":"2025-12-29T13:57:47","modified_gmt":"2025-12-29T13:57:47","slug":"unnepi-pitty-palatty-tal","status":"publish","type":"product","link":"https:\/\/pittypalattykonyha.hu\/?product=unnepi-pitty-palatty-tal","title":{"rendered":"\u00dcnnepi Pitty-Palatty t\u00e1l 6 szem\u00e9lyes"},"content":{"rendered":"<p style=\"text-align: left;\"><strong><span style=\"color: #808000;\">\u00dcnnepi Pitty-Palatty t\u00e1l 6 szem\u00e9lyes <\/span><\/strong><\/p>\n<p style=\"text-align: left;\"><strong><span style=\"color: #808000;\">(<\/span><\/strong><span style=\"color: #808000;\">Kb 3 kg h\u00fasf\u00e9les\u00e9g)<\/span><\/p>\n<ul>\n<li><span style=\"color: #808000;\">A Pitty-Palatty t\u00e1lak elengedhetetlen kell\u00e9ke a szaftos, ropog\u00f3s cs\u00fcl\u00f6k, mely az \u00fcnnepi asztalr\u00f3l sem hi\u00e1nyozhat<\/span><\/li>\n<li><span style=\"color: #808000;\"><span style=\"color: #808000;\">A <\/span>szaftos<\/span> <span style=\"color: #808000;\">cs\u00fcl\u00f6k<\/span> <span style=\"color: #808000;\">mellett<\/span> <span style=\"color: #808000;\">baconbe<\/span> <span style=\"color: #808000;\">tekert<\/span> <span style=\"color: #808000;\">t\u00f6lt\u00f6tt<\/span> <span style=\"color: #808000;\">karaj<\/span><\/li>\n<li><span style=\"color: #808000;\">R\u00e1ntott<\/span> <span style=\"color: #808000;\">karaj<\/span> <span style=\"color: #808000;\">isteni<\/span> <span style=\"color: #808000;\">t\u00f6ltel\u00e9kkel<\/span><\/li>\n<li><span style=\"color: #808000;\">R\u00e1ntott sajt<\/span><\/li>\n<li><span style=\"color: #808000;\">R\u00e1ntott<\/span> <span style=\"color: #808000;\">karfiol<\/span><\/li>\n<li><span style=\"color: #808000;\">Burgonyakrokett<\/span><\/li>\n<li><span style=\"color: #808000;\">P\u00e1rolt<\/span> <span style=\"color: #808000;\">z\u00f6lds\u00e9g<\/span><\/li>\n<li><span style=\"color: #808000;\">M\u00e9zes<span style=\"color: #808000;\">&#8211;<\/span><\/span><span style=\"color: #808000;\">must\u00e1ros<\/span> <span style=\"color: #808000;\">sz\u00f3sz<\/span><\/li>\n<\/ul>\n<p><span style=\"color: #808000;\">Term\u00e9szetesen plusz k\u00f6ret is rendelhet\u0151 a t\u00e1lhoz, tekintse meg tov\u00e1bbi k\u00edn\u00e1latunkat!<\/span><\/p>\n<p><span style=\"color: #808000;\">Allerg\u00e8nek: 1), 2), 3), 8), 9), 10)<\/span><\/p>\n","protected":false},"excerpt":{"rendered":"<p>\u00dcnnepi Pitty-Palatty t\u00e1l 6 szem\u00e9lyes (Kb 3 kg h\u00fasf\u00e9les\u00e9g) A Pitty-Palatty t\u00e1lak elengedhetetlen kell\u00e9ke a szaftos, ropog\u00f3s cs\u00fcl\u00f6k, mely az \u00fcnnepi asztalr\u00f3l sem hi\u00e1nyozhat A szaftos cs\u00fcl\u00f6k mellett baconbe tekert t\u00f6lt\u00f6tt karaj R\u00e1ntott karaj isteni t\u00f6ltel\u00e9kkel R\u00e1ntott sajt R\u00e1ntott karfiol Burgonyakrokett P\u00e1rolt z\u00f6lds\u00e9g M\u00e9zes&#8211;must\u00e1ros sz\u00f3sz Term\u00e9szetesen plusz k\u00f6ret is rendelhet\u0151 a t\u00e1lhoz, tekintse meg tov\u00e1bbi k\u00edn\u00e1latunkat! Allerg\u00e8nek: 1), 2), 3), 8), 9), 10)<\/p>\n","protected":false},"featured_media":12715,"template":"","meta":[],"product_brand":[],"product_cat":[56],"product_tag":[],"class_list":{"0":"post-12680","1":"product","2":"type-product","3":"status-publish","4":"has-post-thumbnail","6":"product_cat-sultes-talak-rendelesre-kecskemeten-a-pitty-palatty-konyhatol","8":"first","9":"instock","10":"shipping-taxable","11":"purchasable","12":"product-type-simple"},"jetpack_sharing_enabled":true,"_links":{"self":[{"href":"https:\/\/pittypalattykonyha.hu\/index.php?rest_route=\/wp\/v2\/product\/12680","targetHints":{"allow":["GET"]}}],"collection":[{"href":"https:\/\/pittypalattykonyha.hu\/index.php?rest_route=\/wp\/v2\/product"}],"about":[{"href":"https:\/\/pittypalattykonyha.hu\/index.php?rest_route=\/wp\/v2\/types\/product"}],"wp:featuredmedia":[{"embeddable":true,"href":"https:\/\/pittypalattykonyha.hu\/index.php?rest_route=\/wp\/v2\/media\/12715"}],"wp:attachment":[{"href":"https:\/\/pittypalattykonyha.hu\/index.php?rest_route=%2Fwp%2Fv2%2Fmedia&parent=12680"}],"wp:term":[{"taxonomy":"product_brand","embeddable":true,"href":"https:\/\/pittypalattykonyha.hu\/index.php?rest_route=%2Fwp%2Fv2%2Fproduct_brand&post=12680"},{"taxonomy":"product_cat","embeddable":true,"href":"https:\/\/pittypalattykonyha.hu\/index.php?rest_route=%2Fwp%2Fv2%2Fproduct_cat&post=12680"},{"taxonomy":"product_tag","embeddable":true,"href":"https:\/\/pittypalattykonyha.hu\/index.php?rest_route=%2Fwp%2Fv2%2Fproduct_tag&post=12680"}],"curies":[{"name":"wp","href":"https:\/\/api.w.org\/{rel}","templated":true}]}}