{"id":12425,"date":"2025-09-05T07:00:40","date_gmt":"2025-09-05T07:00:40","guid":{"rendered":"https:\/\/pittypalattykonyha.hu\/?post_type=product&#038;p=12425"},"modified":"2025-11-22T17:19:18","modified_gmt":"2025-11-22T17:19:18","slug":"franciasalata","status":"publish","type":"product","link":"https:\/\/pittypalattykonyha.hu\/?product=franciasalata","title":{"rendered":"Franciasal\u00e1ta 2 szem\u00e9lyes"},"content":{"rendered":"<p><span style=\"color: #808000;\"><strong>Franciasal\u00e1ta 2 szem\u00e9lyes<\/strong><\/span><\/p>\n<p>Kr\u00e8mes, majon\u00e9zes sal\u00e1ta z\u00f6lds\u00e8gekkel, friss \u00e8s k\u00f6nnyed k\u00eds\u00e8r\u0151je a s\u00fclteknek.<\/p>\n<p>1 adag kb 50 dkg.<\/p>\n<p>Allerg\u00e8nek: 2), 3), 8), 10)<\/p>\n","protected":false},"excerpt":{"rendered":"<p>Franciasal\u00e1ta 2 szem\u00e9lyes Kr\u00e8mes, majon\u00e9zes sal\u00e1ta z\u00f6lds\u00e8gekkel, friss \u00e8s k\u00f6nnyed k\u00eds\u00e8r\u0151je a s\u00fclteknek. 1 adag kb 50 dkg. Allerg\u00e8nek: 2), 3), 8), 10)<\/p>\n","protected":false},"featured_media":12509,"template":"","meta":[],"product_brand":[],"product_cat":[57],"product_tag":[],"class_list":{"0":"post-12425","1":"product","2":"type-product","3":"status-publish","4":"has-post-thumbnail","6":"product_cat-koretek","8":"first","9":"instock","10":"shipping-taxable","11":"purchasable","12":"product-type-simple"},"jetpack_sharing_enabled":true,"_links":{"self":[{"href":"https:\/\/pittypalattykonyha.hu\/index.php?rest_route=\/wp\/v2\/product\/12425","targetHints":{"allow":["GET"]}}],"collection":[{"href":"https:\/\/pittypalattykonyha.hu\/index.php?rest_route=\/wp\/v2\/product"}],"about":[{"href":"https:\/\/pittypalattykonyha.hu\/index.php?rest_route=\/wp\/v2\/types\/product"}],"wp:featuredmedia":[{"embeddable":true,"href":"https:\/\/pittypalattykonyha.hu\/index.php?rest_route=\/wp\/v2\/media\/12509"}],"wp:attachment":[{"href":"https:\/\/pittypalattykonyha.hu\/index.php?rest_route=%2Fwp%2Fv2%2Fmedia&parent=12425"}],"wp:term":[{"taxonomy":"product_brand","embeddable":true,"href":"https:\/\/pittypalattykonyha.hu\/index.php?rest_route=%2Fwp%2Fv2%2Fproduct_brand&post=12425"},{"taxonomy":"product_cat","embeddable":true,"href":"https:\/\/pittypalattykonyha.hu\/index.php?rest_route=%2Fwp%2Fv2%2Fproduct_cat&post=12425"},{"taxonomy":"product_tag","embeddable":true,"href":"https:\/\/pittypalattykonyha.hu\/index.php?rest_route=%2Fwp%2Fv2%2Fproduct_tag&post=12425"}],"curies":[{"name":"wp","href":"https:\/\/api.w.org\/{rel}","templated":true}]}}