{"id":12423,"date":"2025-09-05T06:48:50","date_gmt":"2025-09-05T06:48:50","guid":{"rendered":"https:\/\/pittypalattykonyha.hu\/?post_type=product&#038;p=12423"},"modified":"2025-11-22T18:27:19","modified_gmt":"2025-11-22T18:27:19","slug":"hasabburgonya-rendelheto","status":"publish","type":"product","link":"https:\/\/pittypalattykonyha.hu\/?product=hasabburgonya-rendelheto","title":{"rendered":"Has\u00e1bburgonya 2 szem\u00e9lyes"},"content":{"rendered":"<p><span style=\"color: #808000;\"><strong>Has\u00e1bburgonya 2 szem\u00e9lyes<\/strong><\/span><\/p>\n<p>Ropog\u00f3s has\u00e1bburgonya &#8211; igazi klasszikus, minden t\u00e1lhoz illik.<\/p>\n<p>1 adag kb 50 dkg<\/p>\n<p>Allerg\u00e8nek:7), 8)<\/p>\n","protected":false},"excerpt":{"rendered":"<p>Has\u00e1bburgonya 2 szem\u00e9lyes Ropog\u00f3s has\u00e1bburgonya &#8211; igazi klasszikus, minden t\u00e1lhoz illik. 1 adag kb 50 dkg Allerg\u00e8nek:7), 8)<\/p>\n","protected":false},"featured_media":12506,"template":"","meta":[],"product_brand":[],"product_cat":[57],"product_tag":[],"class_list":{"0":"post-12423","1":"product","2":"type-product","3":"status-publish","4":"has-post-thumbnail","6":"product_cat-koretek","8":"first","9":"instock","10":"shipping-taxable","11":"purchasable","12":"product-type-simple"},"jetpack_sharing_enabled":true,"_links":{"self":[{"href":"https:\/\/pittypalattykonyha.hu\/index.php?rest_route=\/wp\/v2\/product\/12423","targetHints":{"allow":["GET"]}}],"collection":[{"href":"https:\/\/pittypalattykonyha.hu\/index.php?rest_route=\/wp\/v2\/product"}],"about":[{"href":"https:\/\/pittypalattykonyha.hu\/index.php?rest_route=\/wp\/v2\/types\/product"}],"wp:featuredmedia":[{"embeddable":true,"href":"https:\/\/pittypalattykonyha.hu\/index.php?rest_route=\/wp\/v2\/media\/12506"}],"wp:attachment":[{"href":"https:\/\/pittypalattykonyha.hu\/index.php?rest_route=%2Fwp%2Fv2%2Fmedia&parent=12423"}],"wp:term":[{"taxonomy":"product_brand","embeddable":true,"href":"https:\/\/pittypalattykonyha.hu\/index.php?rest_route=%2Fwp%2Fv2%2Fproduct_brand&post=12423"},{"taxonomy":"product_cat","embeddable":true,"href":"https:\/\/pittypalattykonyha.hu\/index.php?rest_route=%2Fwp%2Fv2%2Fproduct_cat&post=12423"},{"taxonomy":"product_tag","embeddable":true,"href":"https:\/\/pittypalattykonyha.hu\/index.php?rest_route=%2Fwp%2Fv2%2Fproduct_tag&post=12423"}],"curies":[{"name":"wp","href":"https:\/\/api.w.org\/{rel}","templated":true}]}}