{"id":12409,"date":"2025-09-04T16:29:11","date_gmt":"2025-09-04T16:29:11","guid":{"rendered":"https:\/\/pittypalattykonyha.hu\/?post_type=product&#038;p=12409"},"modified":"2025-12-29T12:34:36","modified_gmt":"2025-12-29T12:34:36","slug":"sultestal-rendelheto-kecskemeten-2","status":"publish","type":"product","link":"https:\/\/pittypalattykonyha.hu\/?product=sultestal-rendelheto-kecskemeten-2","title":{"rendered":"Borzas t\u00e1l 4 szem\u00e9lyes"},"content":{"rendered":"<p><span style=\"color: #808000;\"><strong>Borzas t\u00e1l 4 szem\u00e9lyes<\/strong><\/span><\/p>\n<p><span style=\"color: #808000;\">Igazi b\u0151s\u00e9gt\u00e1l!<\/span><\/p>\n<p><span style=\"color: #808000;\">(Kb 2 kg h\u00fasf\u00e9les\u00e9g)<\/span><\/p>\n<ul>\n<li><span style=\"color: #808000;\">Ropog\u00f3s r\u00e1ntott sert\u00e9sszeletek a tetej\u00e9n gazdagon tejf\u00f6llel\u00a0 \u00e9s sajttal, amit a s\u00fct\u0151ben pir\u00edtunk aranysz\u00edn\u0171re<\/span><\/li>\n<li><span style=\"color: #808000;\">Sajtgoly\u00f3k<\/span><\/li>\n<li><span style=\"color: #808000;\">R\u00e1ntott karfiol<\/span><\/li>\n<li><span style=\"color: #808000;\">Has\u00e1bburgonya<\/span><\/li>\n<li><span style=\"color: #808000;\">Fokhagym\u00e1s sz\u00f3sz<\/span><\/li>\n<\/ul>\n<p><span style=\"color: #808000;\">Term\u00e9szetesen plusz k\u00f6ret is rendelhet\u0151 a t\u00e1lhoz, tekintse meg tov\u00e1bbi k\u00edn\u00e1latunkat.<\/span><\/p>\n<p><span style=\"color: #808000;\">Allerg\u00e8nek: 1), 2), 3),\u00a0 8), 9), 10)<\/span><\/p>\n","protected":false},"excerpt":{"rendered":"<p>Borzas t\u00e1l 4 szem\u00e9lyes Igazi b\u0151s\u00e9gt\u00e1l! (Kb 2 kg h\u00fasf\u00e9les\u00e9g) Ropog\u00f3s r\u00e1ntott sert\u00e9sszeletek a tetej\u00e9n gazdagon tejf\u00f6llel\u00a0 \u00e9s sajttal, amit a s\u00fct\u0151ben pir\u00edtunk aranysz\u00edn\u0171re Sajtgoly\u00f3k R\u00e1ntott karfiol Has\u00e1bburgonya Fokhagym\u00e1s sz\u00f3sz Term\u00e9szetesen plusz k\u00f6ret is rendelhet\u0151 a t\u00e1lhoz, tekintse meg tov\u00e1bbi k\u00edn\u00e1latunkat. Allerg\u00e8nek: 1), 2), 3),\u00a0 8), 9), 10)<\/p>\n","protected":false},"featured_media":12529,"template":"","meta":[],"product_brand":[],"product_cat":[56],"product_tag":[],"class_list":{"0":"post-12409","1":"product","2":"type-product","3":"status-publish","4":"has-post-thumbnail","6":"product_cat-sultes-talak-rendelesre-kecskemeten-a-pitty-palatty-konyhatol","8":"first","9":"instock","10":"shipping-taxable","11":"purchasable","12":"product-type-simple"},"jetpack_sharing_enabled":true,"_links":{"self":[{"href":"https:\/\/pittypalattykonyha.hu\/index.php?rest_route=\/wp\/v2\/product\/12409","targetHints":{"allow":["GET"]}}],"collection":[{"href":"https:\/\/pittypalattykonyha.hu\/index.php?rest_route=\/wp\/v2\/product"}],"about":[{"href":"https:\/\/pittypalattykonyha.hu\/index.php?rest_route=\/wp\/v2\/types\/product"}],"wp:featuredmedia":[{"embeddable":true,"href":"https:\/\/pittypalattykonyha.hu\/index.php?rest_route=\/wp\/v2\/media\/12529"}],"wp:attachment":[{"href":"https:\/\/pittypalattykonyha.hu\/index.php?rest_route=%2Fwp%2Fv2%2Fmedia&parent=12409"}],"wp:term":[{"taxonomy":"product_brand","embeddable":true,"href":"https:\/\/pittypalattykonyha.hu\/index.php?rest_route=%2Fwp%2Fv2%2Fproduct_brand&post=12409"},{"taxonomy":"product_cat","embeddable":true,"href":"https:\/\/pittypalattykonyha.hu\/index.php?rest_route=%2Fwp%2Fv2%2Fproduct_cat&post=12409"},{"taxonomy":"product_tag","embeddable":true,"href":"https:\/\/pittypalattykonyha.hu\/index.php?rest_route=%2Fwp%2Fv2%2Fproduct_tag&post=12409"}],"curies":[{"name":"wp","href":"https:\/\/api.w.org\/{rel}","templated":true}]}}