{"id":12368,"date":"2025-09-03T11:39:03","date_gmt":"2025-09-03T11:39:03","guid":{"rendered":"https:\/\/pittypalattykonyha.hu\/?post_type=product&#038;p=12368"},"modified":"2025-12-29T12:45:53","modified_gmt":"2025-12-29T12:45:53","slug":"sultestal-rendelheto-kecskemeten-5","status":"publish","type":"product","link":"https:\/\/pittypalattykonyha.hu\/?product=sultestal-rendelheto-kecskemeten-5","title":{"rendered":"Pipi-Pitty csirket\u00e1l 4 szem\u00e9lyes"},"content":{"rendered":"<p><span style=\"color: #808000;\"><strong>Pipi -Pitty csirket\u00e1l 4 szem\u00e9lyes <\/strong><\/span><\/p>\n<p><span style=\"color: #808000;\"><strong>( kb 2 kg h\u00fasf\u00e9les\u00e9g)\u00a0<\/strong><\/span><\/p>\n<p><span style=\"color: #808000;\">Amikor a csal\u00e1d egy\u00fctt \u00fcl az asztalhoz. Ez a t\u00e1lunk pont arra val\u00f3, hogy megk\u00f6nny\u00edts\u00fck a h\u00e9tk\u00f6znapi est\u00e9ket vagy a vas\u00e1rnapi eb\u00e9det.<\/span><\/p>\n<ul>\n<li><span style=\"color: #808000;\">Ropog\u00f3s r\u00e1ntott csirkecomb<\/span><\/li>\n<li><span style=\"color: #808000;\">R\u00e1ntott csirkemell cs\u00edkok<\/span><\/li>\n<li><span style=\"color: #808000;\">Aranybarn\u00e1ra s\u00fclt csirkesz\u00e1rny<\/span><\/li>\n<li><span style=\"color: #808000;\">Sajtgoly\u00f3k<\/span><\/li>\n<li><span style=\"color: #808000;\">Has\u00e1bburgonya<\/span><\/li>\n<li><span style=\"color: #808000;\">Majon\u00e9zes sz\u00f3sz<\/span><\/li>\n<\/ul>\n<p><span style=\"color: #808000;\">Term\u00e9szetesen plusz k\u00f6ret is rendelhet\u0151 a t\u00e1lhoz, tekintse meg tov\u00e1bbi k\u00edn\u00e1latunkat.<\/span><\/p>\n<p><span style=\"color: #808000;\">Allerg\u00e8nek: 1), 2), 3), 8), 9), 10)<\/span><\/p>\n<p>&nbsp;<\/p>\n","protected":false},"excerpt":{"rendered":"<p>Pipi -Pitty csirket\u00e1l 4 szem\u00e9lyes ( kb 2 kg h\u00fasf\u00e9les\u00e9g)\u00a0 Amikor a csal\u00e1d egy\u00fctt \u00fcl az asztalhoz. Ez a t\u00e1lunk pont arra val\u00f3, hogy megk\u00f6nny\u00edts\u00fck a h\u00e9tk\u00f6znapi est\u00e9ket vagy a vas\u00e1rnapi eb\u00e9det. Ropog\u00f3s r\u00e1ntott csirkecomb R\u00e1ntott csirkemell cs\u00edkok Aranybarn\u00e1ra s\u00fclt csirkesz\u00e1rny Sajtgoly\u00f3k Has\u00e1bburgonya Majon\u00e9zes sz\u00f3sz Term\u00e9szetesen plusz k\u00f6ret is rendelhet\u0151 a t\u00e1lhoz, tekintse meg tov\u00e1bbi k\u00edn\u00e1latunkat. Allerg\u00e8nek: 1), 2), 3), 8), 9), 10) &nbsp;<\/p>\n","protected":false},"featured_media":12721,"template":"","meta":[],"product_brand":[],"product_cat":[56],"product_tag":[],"class_list":{"0":"post-12368","1":"product","2":"type-product","3":"status-publish","4":"has-post-thumbnail","6":"product_cat-sultes-talak-rendelesre-kecskemeten-a-pitty-palatty-konyhatol","8":"first","9":"instock","10":"shipping-taxable","11":"purchasable","12":"product-type-simple"},"jetpack_sharing_enabled":true,"_links":{"self":[{"href":"https:\/\/pittypalattykonyha.hu\/index.php?rest_route=\/wp\/v2\/product\/12368","targetHints":{"allow":["GET"]}}],"collection":[{"href":"https:\/\/pittypalattykonyha.hu\/index.php?rest_route=\/wp\/v2\/product"}],"about":[{"href":"https:\/\/pittypalattykonyha.hu\/index.php?rest_route=\/wp\/v2\/types\/product"}],"wp:featuredmedia":[{"embeddable":true,"href":"https:\/\/pittypalattykonyha.hu\/index.php?rest_route=\/wp\/v2\/media\/12721"}],"wp:attachment":[{"href":"https:\/\/pittypalattykonyha.hu\/index.php?rest_route=%2Fwp%2Fv2%2Fmedia&parent=12368"}],"wp:term":[{"taxonomy":"product_brand","embeddable":true,"href":"https:\/\/pittypalattykonyha.hu\/index.php?rest_route=%2Fwp%2Fv2%2Fproduct_brand&post=12368"},{"taxonomy":"product_cat","embeddable":true,"href":"https:\/\/pittypalattykonyha.hu\/index.php?rest_route=%2Fwp%2Fv2%2Fproduct_cat&post=12368"},{"taxonomy":"product_tag","embeddable":true,"href":"https:\/\/pittypalattykonyha.hu\/index.php?rest_route=%2Fwp%2Fv2%2Fproduct_tag&post=12368"}],"curies":[{"name":"wp","href":"https:\/\/api.w.org\/{rel}","templated":true}]}}