{"id":12367,"date":"2025-09-03T11:43:15","date_gmt":"2025-09-03T11:43:15","guid":{"rendered":"https:\/\/pittypalattykonyha.hu\/?post_type=product&#038;p=12367"},"modified":"2025-12-29T12:39:33","modified_gmt":"2025-12-29T12:39:33","slug":"sultestal-rendelheto-kecskemeten-6","status":"publish","type":"product","link":"https:\/\/pittypalattykonyha.hu\/?product=sultestal-rendelheto-kecskemeten-6","title":{"rendered":"Pitty-Palatty t\u00e1l 4 szem\u00e9lyes"},"content":{"rendered":"<p><span style=\"color: #808000;\"><strong>Pitty-Palatty t\u00e1l 4 szem\u00e9lyes<\/strong><\/span><\/p>\n<p><span style=\"color: #808000;\">(Kb 2 kg h\u00fasf\u00e9les\u00e9g)<\/span><\/p>\n<p><span style=\"color: #808000;\"><span style=\"color: #808000;\">A <\/span>s\u00fcltek<\/span> <span style=\"color: #808000;\">kir\u00e1lya<span style=\"color: #808000;\">!<\/span><\/span><\/p>\n<p><span style=\"color: #808000;\">B\u0151s\u00e9ges lakoma, t\u00f6k\u00e9letes &#8222;Pitty-Palatty&#8221;\u00a0 \u00e9lm\u00e9ny, kb 2 kg h\u00fasf\u00e9les\u00e9g, ami garant\u00e1ltan j\u00f3kedvet hoz az asztalra.<\/span><\/p>\n<ul>\n<li><span style=\"color: #808000;\">Szaftos, ropog\u00f3s cs\u00fcl\u00f6k<\/span><\/li>\n<li><span style=\"color: #808000;\">Aranybarn\u00e1ra s\u00fclt oldalas<\/span><\/li>\n<li><span style=\"color: #808000;\">F\u0171szeres dar\u00e1lth\u00fassal t\u00f6lt\u00f6tt karaj<\/span><\/li>\n<li><span style=\"color: #808000;\">Burgonyakrokett<\/span><\/li>\n<li><span style=\"color: #808000;\">Majon\u00e9zes kukoricasal\u00e1ta<\/span><\/li>\n<li><span style=\"color: #808000;\">Hagyma lekv\u00e1r<\/span><\/li>\n<\/ul>\n<p><span style=\"color: #808000;\">Term\u00e9szetesen plusz k\u00f6ret is rendelhet\u0151 a t\u00e1lhoz, tekintse meg tov\u00e1bbi k\u00edn\u00e1latunkat.<\/span><\/p>\n<p><span style=\"color: #808000;\">Allerg\u00e8nek: 1), 2), 3), 8), 9), 10)<\/span><\/p>\n<p><!--more--><\/p>\n","protected":false},"excerpt":{"rendered":"<p>Pitty-Palatty t\u00e1l 4 szem\u00e9lyes (Kb 2 kg h\u00fasf\u00e9les\u00e9g) A s\u00fcltek kir\u00e1lya! B\u0151s\u00e9ges lakoma, t\u00f6k\u00e9letes &#8222;Pitty-Palatty&#8221;\u00a0 \u00e9lm\u00e9ny, kb 2 kg h\u00fasf\u00e9les\u00e9g, ami garant\u00e1ltan j\u00f3kedvet hoz az asztalra. Szaftos, ropog\u00f3s cs\u00fcl\u00f6k Aranybarn\u00e1ra s\u00fclt oldalas F\u0171szeres dar\u00e1lth\u00fassal t\u00f6lt\u00f6tt karaj Burgonyakrokett Majon\u00e9zes kukoricasal\u00e1ta Hagyma lekv\u00e1r Term\u00e9szetesen plusz k\u00f6ret is rendelhet\u0151 a t\u00e1lhoz, tekintse meg tov\u00e1bbi k\u00edn\u00e1latunkat. Allerg\u00e8nek: 1), 2), 3), 8), 9), 10)<\/p>\n","protected":false},"featured_media":12581,"template":"","meta":[],"product_brand":[],"product_cat":[56],"product_tag":[],"class_list":{"0":"post-12367","1":"product","2":"type-product","3":"status-publish","4":"has-post-thumbnail","6":"product_cat-sultes-talak-rendelesre-kecskemeten-a-pitty-palatty-konyhatol","8":"first","9":"instock","10":"shipping-taxable","11":"purchasable","12":"product-type-simple"},"jetpack_sharing_enabled":true,"_links":{"self":[{"href":"https:\/\/pittypalattykonyha.hu\/index.php?rest_route=\/wp\/v2\/product\/12367","targetHints":{"allow":["GET"]}}],"collection":[{"href":"https:\/\/pittypalattykonyha.hu\/index.php?rest_route=\/wp\/v2\/product"}],"about":[{"href":"https:\/\/pittypalattykonyha.hu\/index.php?rest_route=\/wp\/v2\/types\/product"}],"wp:featuredmedia":[{"embeddable":true,"href":"https:\/\/pittypalattykonyha.hu\/index.php?rest_route=\/wp\/v2\/media\/12581"}],"wp:attachment":[{"href":"https:\/\/pittypalattykonyha.hu\/index.php?rest_route=%2Fwp%2Fv2%2Fmedia&parent=12367"}],"wp:term":[{"taxonomy":"product_brand","embeddable":true,"href":"https:\/\/pittypalattykonyha.hu\/index.php?rest_route=%2Fwp%2Fv2%2Fproduct_brand&post=12367"},{"taxonomy":"product_cat","embeddable":true,"href":"https:\/\/pittypalattykonyha.hu\/index.php?rest_route=%2Fwp%2Fv2%2Fproduct_cat&post=12367"},{"taxonomy":"product_tag","embeddable":true,"href":"https:\/\/pittypalattykonyha.hu\/index.php?rest_route=%2Fwp%2Fv2%2Fproduct_tag&post=12367"}],"curies":[{"name":"wp","href":"https:\/\/api.w.org\/{rel}","templated":true}]}}