{"id":12444,"date":"2025-09-06T05:03:10","date_gmt":"2025-09-06T05:03:10","guid":{"rendered":"https:\/\/pittypalattykonyha.hu\/?page_id=12444"},"modified":"2026-03-16T03:53:46","modified_gmt":"2026-03-16T03:53:46","slug":"informaciok","status":"publish","type":"page","link":"https:\/\/pittypalattykonyha.hu\/","title":{"rendered":"B\u0151s\u00e9ges S\u00dcLTES T\u00c1LAK \u00e9s k\u00e9zm\u0171ves PIZZA a Pitty-Palatty Konyh\u00e1t\u00f3l!"},"content":{"rendered":"\n<p><\/p>\n\n\n\n<ul class=\"wp-block-list\">\n<li>Pizza h\u00e1zhozsz\u00e1ll\u00edt\u00e1ssal, s\u00fcltes t\u00e1l elvitelre rendelhet\u0151.<\/li>\n\n\n\n<li>A pizza kisz\u00e1ll\u00edt\u00e1sa Kecskem\u00e9ten INGYENES.<\/li>\n\n\n\n<li>A s\u00fcltes t\u00e1l rendel\u00e9st k\u00e9rj\u00fck, 48 \u00f3r\u00e1val kor\u00e1bban sz\u00edveskedjenek leadni a weboldalunkon vagy az al\u00e1bbi telefonsz\u00e1mon: +36 (30) 719-1240. <\/li>\n\n\n\n<li>A weboldalon megrendelt t\u00e1lakn\u00e1l a megjegyz\u00e9sben k\u00e9rj\u00fck, adj\u00e1k meg az elvitel id\u0151pontj\u00e1t.<\/li>\n\n\n\n<li>A s\u00fcltes t\u00e1l \u00e1ra tartalmazza a csomagol\u00e1s \u00e1r\u00e1t. Saj\u00e1t ed\u00e9nyben t\u00f6rt\u00e9n\u0151 elvitelkor, nem sz\u00e1ml\u00e1zunk csomagol\u00e1si k\u00f6lts\u00e9get.<\/li>\n\n\n\n<li>A s\u00fcltes t\u00e1l \u00e1r\u00e1t \u00e1tv\u00e9telkor kell rendezni, fizet\u00e9si m\u00f3dok: bankk\u00e1rtya, k\u00e9szp\u00e9nz, OTP Sz\u00e9p K\u00e1rtya.<\/li>\n\n\n\n<li>Az \u00e9tlapon szerepl\u0151 term\u00e9kek v\u00e1ltoztat\u00e1s\u00e1nak jog\u00e1t fenntartjuk.<\/li>\n\n\n\n<li>\u00c1raink forintban \u00e9rtend\u0151k \u00e9s tartalmazz\u00e1k az \u00e1f\u00e1t.<\/li>\n<\/ul>\n\n\n\n<p><\/p>\n\n\n\n\n\n<p><\/p>\n","protected":false},"excerpt":{"rendered":"","protected":false},"author":1,"featured_media":0,"parent":0,"menu_order":0,"comment_status":"closed","ping_status":"closed","template":"","meta":{"footnotes":""},"class_list":["post-12444","page","type-page","status-publish","hentry"],"jetpack_sharing_enabled":true,"_links":{"self":[{"href":"https:\/\/pittypalattykonyha.hu\/index.php?rest_route=\/wp\/v2\/pages\/12444","targetHints":{"allow":["GET"]}}],"collection":[{"href":"https:\/\/pittypalattykonyha.hu\/index.php?rest_route=\/wp\/v2\/pages"}],"about":[{"href":"https:\/\/pittypalattykonyha.hu\/index.php?rest_route=\/wp\/v2\/types\/page"}],"author":[{"embeddable":true,"href":"https:\/\/pittypalattykonyha.hu\/index.php?rest_route=\/wp\/v2\/users\/1"}],"replies":[{"embeddable":true,"href":"https:\/\/pittypalattykonyha.hu\/index.php?rest_route=%2Fwp%2Fv2%2Fcomments&post=12444"}],"version-history":[{"count":23,"href":"https:\/\/pittypalattykonyha.hu\/index.php?rest_route=\/wp\/v2\/pages\/12444\/revisions"}],"predecessor-version":[{"id":12795,"href":"https:\/\/pittypalattykonyha.hu\/index.php?rest_route=\/wp\/v2\/pages\/12444\/revisions\/12795"}],"wp:attachment":[{"href":"https:\/\/pittypalattykonyha.hu\/index.php?rest_route=%2Fwp%2Fv2%2Fmedia&parent=12444"}],"curies":[{"name":"wp","href":"https:\/\/api.w.org\/{rel}","templated":true}]}}